{"id":78,"date":"2024-02-08T11:43:05","date_gmt":"2024-02-08T11:43:05","guid":{"rendered":"http:\/\/naturallookbeauty.pl\/?page_id=78"},"modified":"2024-02-09T00:42:36","modified_gmt":"2024-02-09T00:42:36","slug":"aktualnosci","status":"publish","type":"page","link":"http:\/\/naturallookbeauty.pl\/?page_id=78","title":{"rendered":"Aktualno\u015bci"},"content":{"rendered":"\n<p>Witam wszystkich <img decoding=\"async\" height=\"16\" width=\"16\" src=\"https:\/\/static.xx.fbcdn.net\/images\/emoji.php\/v9\/t7f\/1\/16\/1f60a.png\" alt=\"\ud83d\ude0a\"> Zapraszam do nowo otwartego salonu Natural look beauty na ul.Winogrady 60 do ko\u0144ca lutego -20% na wszystkie us\u0142ugi z okazji otwarcia salonu <img decoding=\"async\" height=\"16\" width=\"16\" src=\"https:\/\/static.xx.fbcdn.net\/images\/emoji.php\/v9\/t6c\/1\/16\/2764.png\" alt=\"\u2764\ufe0f\"> Oferta walentynkowa do 17.02 piel\u0119gnacja gratis do koloryzacji.<\/p>\n\n\n\n<p><\/p>\n\n\n\n<figure class=\"wp-block-gallery has-nested-images columns-default is-cropped wp-block-gallery-1 is-layout-flex wp-block-gallery-is-layout-flex\">\n<figure class=\"wp-block-image size-large\"><img fetchpriority=\"high\" decoding=\"async\" width=\"768\" height=\"1024\" data-id=\"83\" src=\"http:\/\/naturallookbeauty.pl\/wp-content\/uploads\/2024\/02\/426113213_122121454262170766_2034642814963459237_n-768x1024.jpg\" alt=\"\" class=\"wp-image-83\" srcset=\"http:\/\/naturallookbeauty.pl\/wp-content\/uploads\/2024\/02\/426113213_122121454262170766_2034642814963459237_n-768x1024.jpg 768w, http:\/\/naturallookbeauty.pl\/wp-content\/uploads\/2024\/02\/426113213_122121454262170766_2034642814963459237_n-225x300.jpg 225w, http:\/\/naturallookbeauty.pl\/wp-content\/uploads\/2024\/02\/426113213_122121454262170766_2034642814963459237_n-1152x1536.jpg 1152w, http:\/\/naturallookbeauty.pl\/wp-content\/uploads\/2024\/02\/426113213_122121454262170766_2034642814963459237_n.jpg 1536w\" sizes=\"(max-width: 768px) 100vw, 768px\" \/><\/figure>\n\n\n\n<figure class=\"wp-block-image size-large\"><img loading=\"lazy\" decoding=\"async\" width=\"768\" height=\"1024\" data-id=\"84\" src=\"http:\/\/naturallookbeauty.pl\/wp-content\/uploads\/2024\/02\/426131422_122121454298170766_6864406113739420816_n-768x1024.jpg\" alt=\"\" class=\"wp-image-84\" srcset=\"http:\/\/naturallookbeauty.pl\/wp-content\/uploads\/2024\/02\/426131422_122121454298170766_6864406113739420816_n-768x1024.jpg 768w, http:\/\/naturallookbeauty.pl\/wp-content\/uploads\/2024\/02\/426131422_122121454298170766_6864406113739420816_n-225x300.jpg 225w, http:\/\/naturallookbeauty.pl\/wp-content\/uploads\/2024\/02\/426131422_122121454298170766_6864406113739420816_n-1152x1536.jpg 1152w, http:\/\/naturallookbeauty.pl\/wp-content\/uploads\/2024\/02\/426131422_122121454298170766_6864406113739420816_n.jpg 1536w\" sizes=\"(max-width: 768px) 100vw, 768px\" \/><\/figure>\n\n\n\n<figure class=\"wp-block-image size-large\"><img loading=\"lazy\" decoding=\"async\" width=\"768\" height=\"1024\" data-id=\"85\" src=\"http:\/\/naturallookbeauty.pl\/wp-content\/uploads\/2024\/02\/426116571_122121454286170766_6320110727745949148_n-768x1024.jpg\" alt=\"\" class=\"wp-image-85\" srcset=\"http:\/\/naturallookbeauty.pl\/wp-content\/uploads\/2024\/02\/426116571_122121454286170766_6320110727745949148_n-768x1024.jpg 768w, http:\/\/naturallookbeauty.pl\/wp-content\/uploads\/2024\/02\/426116571_122121454286170766_6320110727745949148_n-225x300.jpg 225w, http:\/\/naturallookbeauty.pl\/wp-content\/uploads\/2024\/02\/426116571_122121454286170766_6320110727745949148_n-1152x1536.jpg 1152w, http:\/\/naturallookbeauty.pl\/wp-content\/uploads\/2024\/02\/426116571_122121454286170766_6320110727745949148_n.jpg 1536w\" sizes=\"(max-width: 768px) 100vw, 768px\" \/><\/figure>\n\n\n\n<figure class=\"wp-block-image size-large\"><img loading=\"lazy\" decoding=\"async\" width=\"768\" height=\"1024\" data-id=\"86\" src=\"http:\/\/naturallookbeauty.pl\/wp-content\/uploads\/2024\/02\/426132198_122121454274170766_4182150461056504813_n-768x1024.jpg\" alt=\"\" class=\"wp-image-86\" srcset=\"http:\/\/naturallookbeauty.pl\/wp-content\/uploads\/2024\/02\/426132198_122121454274170766_4182150461056504813_n-768x1024.jpg 768w, http:\/\/naturallookbeauty.pl\/wp-content\/uploads\/2024\/02\/426132198_122121454274170766_4182150461056504813_n-225x300.jpg 225w, http:\/\/naturallookbeauty.pl\/wp-content\/uploads\/2024\/02\/426132198_122121454274170766_4182150461056504813_n-1152x1536.jpg 1152w, http:\/\/naturallookbeauty.pl\/wp-content\/uploads\/2024\/02\/426132198_122121454274170766_4182150461056504813_n.jpg 1536w\" sizes=\"(max-width: 768px) 100vw, 768px\" \/><\/figure>\n<\/figure>\n","protected":false},"excerpt":{"rendered":"<p>Witam wszystkich Zapraszam do nowo otwartego salonu Natural look beauty na ul.Winogrady 60 do ko\u0144ca lutego -20% na wszystkie us\u0142ugi z okazji otwarcia salonu Oferta walentynkowa do 17.02 piel\u0119gnacja gratis do koloryzacji.<\/p>\n","protected":false},"author":1,"featured_media":0,"parent":0,"menu_order":0,"comment_status":"closed","ping_status":"closed","template":"contact","meta":{"footnotes":""},"class_list":["post-78","page","type-page","status-publish","hentry"],"_links":{"self":[{"href":"http:\/\/naturallookbeauty.pl\/index.php?rest_route=\/wp\/v2\/pages\/78","targetHints":{"allow":["GET"]}}],"collection":[{"href":"http:\/\/naturallookbeauty.pl\/index.php?rest_route=\/wp\/v2\/pages"}],"about":[{"href":"http:\/\/naturallookbeauty.pl\/index.php?rest_route=\/wp\/v2\/types\/page"}],"author":[{"embeddable":true,"href":"http:\/\/naturallookbeauty.pl\/index.php?rest_route=\/wp\/v2\/users\/1"}],"replies":[{"embeddable":true,"href":"http:\/\/naturallookbeauty.pl\/index.php?rest_route=%2Fwp%2Fv2%2Fcomments&post=78"}],"version-history":[{"count":3,"href":"http:\/\/naturallookbeauty.pl\/index.php?rest_route=\/wp\/v2\/pages\/78\/revisions"}],"predecessor-version":[{"id":220,"href":"http:\/\/naturallookbeauty.pl\/index.php?rest_route=\/wp\/v2\/pages\/78\/revisions\/220"}],"wp:attachment":[{"href":"http:\/\/naturallookbeauty.pl\/index.php?rest_route=%2Fwp%2Fv2%2Fmedia&parent=78"}],"curies":[{"name":"wp","href":"https:\/\/api.w.org\/{rel}","templated":true}]}}